{"id":1893,"date":"2022-07-26T11:32:48","date_gmt":"2022-07-26T09:32:48","guid":{"rendered":"https:\/\/www.duesseservice.com\/fr\/?page_id=1893"},"modified":"2022-09-28T18:05:59","modified_gmt":"2022-09-28T16:05:59","slug":"applications","status":"publish","type":"page","link":"https:\/\/www.duesseservice.com\/fr\/applications\/","title":{"rendered":"Applications"},"content":{"rendered":"<p>[vc_row][vc_column][vc_column_text]La large gamme de pompes et d&rsquo;\u00e9lectropompes Caprari distribu\u00e9es nous permet de satisfaire tous les types d&rsquo;exigences dans divers domaines d&rsquo;application. Duesse Service fournit des machines et des solutions pour les op\u00e9rateurs, les entreprises priv\u00e9es, les organisations et les industries du monde entier.[\/vc_column_text][vc_empty_space height=\u00a0\u00bb30px\u00a0\u00bb][\/vc_column][\/vc_row][vc_row][vc_column]<div id=\"ult-carousel-25427397996a01d001b5c2b\" class=\"ult-carousel-wrapper   ult_full_width\" data-gutter=\"25\" data-rtl=\"false\" ><div class=\"ult-carousel-42117208726a01d001b5a1d \" ><div class=\"ult-item-wrap\" data-animation=\"animated no-animation\"><section class=\"shortcode-teaser img-full\"><div class=\"shortcode-teaser-img\"><a class=\"layzr-bg rollover\" href=\"https:\/\/www.duesseservice.com\/fr\/caprari\/pompes-pour-agriculture-caprari\"><img loading=\"lazy\" decoding=\"async\" class=\"lazy-load\" src=\"data:image\/svg+xml;charset=utf-8,%3Csvg xmlns%3D&#039;http%3A%2F%2Fwww.w3.org%2F2000%2Fsvg&#039; viewBox%3D&#039;0 0 900 600&#039;%2F%3E\" width=\"900\" height=\"600\" data-srcset=\"https:\/\/www.duesseservice.com\/fr\/wp-content\/uploads\/2022\/07\/irrigazione.jpg 900w\" data-src=\"https:\/\/www.duesseservice.com\/fr\/wp-content\/uploads\/2022\/07\/irrigazione.jpg\" \/><\/a><\/div><div class=\"shortcode-teaser-content text-big\"><h5><a href=\"https:\/\/www.duesseservice.com\/fr\/caprari\/pompes-pour-agriculture-caprari\">Agriculture<\/a><\/h5>\n<p>Avec une ample gamme de pompes et d\u2019\u00e9lectropompes, Caprari r\u00e9ussit \u00e0 satisfaire tout type de n\u00e9cessit\u00e9 d\u00e9rivant de l\u2019irrigation, aussi bien priv\u00e9e que collective.<br \/>\n<div class=\"ult-item-wrap\" data-animation=\"animated no-animation\"><div class=\"gap\" style=\"line-height: 8px; height: 8px;\"><\/div><\/div>\n<div class=\"ult-item-wrap\" data-animation=\"animated no-animation\"><a href=\"https:\/\/www.duesseservice.com\/fr\/caprari\/pompes-pour-agriculture-caprari\" class=\"btn-shortcode dt-btn-s dt-btn default-btn-color default-btn-hover-color default-btn-bg-color default-btn-bg-hover-color\" id=\"dt-btn-1\"><span>Voir les d\u00e9tails<\/span><\/a><\/div>\n<\/div><\/section><\/div><div class=\"ult-item-wrap\" data-animation=\"animated no-animation\"><section class=\"shortcode-teaser img-full\"><div class=\"shortcode-teaser-img\"><a class=\"layzr-bg rollover\" href=\"https:\/\/www.duesseservice.com\/fr\/caprari\/pompes-pour-industrie-de-l-eau-caprari\"><img loading=\"lazy\" decoding=\"async\" class=\"lazy-load\" src=\"data:image\/svg+xml;charset=utf-8,%3Csvg xmlns%3D&#039;http%3A%2F%2Fwww.w3.org%2F2000%2Fsvg&#039; viewBox%3D&#039;0 0 900 600&#039;%2F%3E\" width=\"900\" height=\"600\" data-srcset=\"https:\/\/www.duesseservice.com\/fr\/wp-content\/uploads\/2022\/07\/depurazione.jpg 900w\" data-src=\"https:\/\/www.duesseservice.com\/fr\/wp-content\/uploads\/2022\/07\/depurazione.jpg\" \/><\/a><\/div><div class=\"shortcode-teaser-content text-big\"><h5><a href=\"https:\/\/www.duesseservice.com\/fr\/caprari\/pompes-pour-industrie-de-l-eau-caprari\">Industrie de l&rsquo;eau<\/a><\/h5>\n<p>Avec ses marques et ses produits leaders sur le march\u00e9, Duesse Service occupe une position unique dans le secteur de traitement des eaux us\u00e9es civiles et industrielles.<br \/>\n<div class=\"ult-item-wrap\" data-animation=\"animated no-animation\"><div class=\"gap\" style=\"line-height: 8px; height: 8px;\"><\/div><\/div>\n<div class=\"ult-item-wrap\" data-animation=\"animated no-animation\"><a href=\"https:\/\/www.duesseservice.com\/fr\/caprari\/pompes-pour-industrie-de-l-eau-caprari\" class=\"btn-shortcode dt-btn-s dt-btn default-btn-color default-btn-hover-color default-btn-bg-color default-btn-bg-hover-color\" id=\"dt-btn-2\"><span>Voir les d\u00e9tails<\/span><\/a><\/div>\n<\/div><\/section><\/div><div class=\"ult-item-wrap\" data-animation=\"animated no-animation\"><section class=\"shortcode-teaser img-full\"><div class=\"shortcode-teaser-img\"><a class=\"layzr-bg rollover\" href=\"https:\/\/www.duesseservice.com\/fr\/caprari\/pompes-pour-infrastructure-caprari\"><img loading=\"lazy\" decoding=\"async\" class=\"lazy-load\" src=\"data:image\/svg+xml;charset=utf-8,%3Csvg xmlns%3D&#039;http%3A%2F%2Fwww.w3.org%2F2000%2Fsvg&#039; viewBox%3D&#039;0 0 900 600&#039;%2F%3E\" width=\"900\" height=\"600\" data-srcset=\"https:\/\/www.duesseservice.com\/fr\/wp-content\/uploads\/2022\/07\/infrastrutture.jpg 900w\" data-src=\"https:\/\/www.duesseservice.com\/fr\/wp-content\/uploads\/2022\/07\/infrastrutture.jpg\" \/><\/a><\/div><div class=\"shortcode-teaser-content text-big\"><h5><a href=\"https:\/\/www.duesseservice.com\/fr\/caprari\/pompes-pour-infrastructure-caprari\">Infrastructure<\/a><\/h5>\n<p>Dans les passages sous voies ferr\u00e9es et routiers, dans les parkings souterrains, dans les m\u00e9tros : l&rsquo;utilisation de machines adapt\u00e9es et fiables est extr\u00eamement importante.<br \/>\n<div class=\"ult-item-wrap\" data-animation=\"animated no-animation\"><div class=\"gap\" style=\"line-height: 8px; height: 8px;\"><\/div><\/div>\n<div class=\"ult-item-wrap\" data-animation=\"animated no-animation\"><a href=\"https:\/\/www.duesseservice.com\/fr\/caprari\/pompes-pour-infrastructure-caprari\" class=\"btn-shortcode dt-btn-s dt-btn default-btn-color default-btn-hover-color default-btn-bg-color default-btn-bg-hover-color\" id=\"dt-btn-3\"><span>Voir les d\u00e9tails<\/span><\/a><\/div>\n<\/div><\/section><\/div><div class=\"ult-item-wrap\" data-animation=\"animated no-animation\"><section class=\"shortcode-teaser img-full\"><div class=\"shortcode-teaser-img\"><a class=\"layzr-bg rollover\" href=\"https:\/\/www.duesseservice.com\/fr\/caprari\/pompes-pour-industrie-generale-caprari\"><img loading=\"lazy\" decoding=\"async\" class=\"lazy-load\" src=\"data:image\/svg+xml;charset=utf-8,%3Csvg xmlns%3D&#039;http%3A%2F%2Fwww.w3.org%2F2000%2Fsvg&#039; viewBox%3D&#039;0 0 900 600&#039;%2F%3E\" width=\"900\" height=\"600\" data-srcset=\"https:\/\/www.duesseservice.com\/fr\/wp-content\/uploads\/2022\/07\/industry.jpg 900w\" data-src=\"https:\/\/www.duesseservice.com\/fr\/wp-content\/uploads\/2022\/07\/industry.jpg\" \/><\/a><\/div><div class=\"shortcode-teaser-content text-big\"><h5><a href=\"https:\/\/www.duesseservice.com\/fr\/caprari\/pompes-pour-industrie-generale-caprari\">Industrie g\u00e9n\u00e9rale<\/a><\/h5>\n<p>Pompes et \u00e9lectropompes \u00e9tudi\u00e9es pour le relevage d&rsquo;eaux primaires et d\u2019eaux us\u00e9es, soufflantes et compresseurs pour d&rsquo;innombrables processus pour le secteur industriel.<br \/>\n<div class=\"ult-item-wrap\" data-animation=\"animated no-animation\"><div class=\"gap\" style=\"line-height: 8px; height: 8px;\"><\/div><\/div>\n<div class=\"ult-item-wrap\" data-animation=\"animated no-animation\"><a href=\"https:\/\/www.duesseservice.com\/fr\/caprari\/pompes-pour-industrie-generale-caprari\" class=\"btn-shortcode dt-btn-s dt-btn default-btn-color default-btn-hover-color default-btn-bg-color default-btn-bg-hover-color\" id=\"dt-btn-4\"><span>Voir les d\u00e9tails<\/span><\/a><\/div>\n<\/div><\/section><\/div><div class=\"ult-item-wrap\" data-animation=\"animated no-animation\"><section class=\"shortcode-teaser img-full\"><div class=\"shortcode-teaser-img\"><a class=\"layzr-bg rollover\" href=\"https:\/\/www.duesseservice.com\/fr\/caprari\/pompes-pour-industries-speciales-caprari\"><img loading=\"lazy\" decoding=\"async\" class=\"lazy-load\" src=\"data:image\/svg+xml;charset=utf-8,%3Csvg xmlns%3D&#039;http%3A%2F%2Fwww.w3.org%2F2000%2Fsvg&#039; viewBox%3D&#039;0 0 900 600&#039;%2F%3E\" width=\"900\" height=\"600\" data-srcset=\"https:\/\/www.duesseservice.com\/fr\/wp-content\/uploads\/2022\/07\/industrie-speciali.jpg 900w\" data-src=\"https:\/\/www.duesseservice.com\/fr\/wp-content\/uploads\/2022\/07\/industrie-speciali.jpg\" \/><\/a><\/div><div class=\"shortcode-teaser-content text-big\"><h5><a href=\"https:\/\/www.duesseservice.com\/fr\/caprari\/pompes-pour-industries-speciales-caprari\">Industries sp\u00e9ciales<\/a><\/h5>\n<p>Gr\u00e2ce \u00e0 notre exp\u00e9rience, nous satisfaisons tous les besoins dans les secteurs les plus difficiles, du p\u00e9trole et du gaz et de l&rsquo;acier \u00e0 l&rsquo;enneigement programm\u00e9, etc.<br \/>\n<div class=\"ult-item-wrap\" data-animation=\"animated no-animation\"><div class=\"gap\" style=\"line-height: 8px; height: 8px;\"><\/div><\/div>\n<div class=\"ult-item-wrap\" data-animation=\"animated no-animation\"><a href=\"https:\/\/www.duesseservice.com\/fr\/caprari\/pompes-pour-industries-speciales-caprari\" class=\"btn-shortcode dt-btn-s dt-btn default-btn-color default-btn-hover-color default-btn-bg-color default-btn-bg-hover-color\" id=\"dt-btn-5\"><span>Voir les d\u00e9tails<\/span><\/a><\/div>\n<\/div><\/section><\/div><\/div><\/div>\t\t\t<script type=\"text\/javascript\">\n\t\t\t\tjQuery(document).ready(function ($) {\n\t\t\t\t\tif( typeof jQuery('.ult-carousel-42117208726a01d001b5a1d').slick == \"function\"){\n\t\t\t\t\t\t$('.ult-carousel-42117208726a01d001b5a1d').slick({dots: true,autoplay: true,autoplaySpeed: 3000,speed: 300,infinite: true,arrows: true,nextArrow: '<button type=\"button\" role=\"button\" aria-label=\"Next\" style=\"color:#ffffff; font-size:20px;background:#007534;\" class=\"slick-next square-bg\"><i class=\"ultsl-arrow-right4\"><\/i><\/button>',prevArrow: '<button type=\"button\" role=\"button\" aria-label=\"Previous\" style=\"color:#ffffff; font-size:20px;background:#007534;\" class=\"slick-prev square-bg\"><i class=\"ultsl-arrow-left4\"><\/i><\/button>',slidesToScroll:4,slidesToShow:4,swipe: true,draggable: true,touchMove: true,pauseOnHover: true,pauseOnFocus: false,responsive: [\n\t\t\t\t\t\t\t{\n\t\t\t\t\t\t\t  breakpoint: 1026,\n\t\t\t\t\t\t\t  settings: {\n\t\t\t\t\t\t\t\tslidesToShow: 4,\n\t\t\t\t\t\t\t\tslidesToScroll: 4,  \n\t\t\t\t\t\t\t  }\n\t\t\t\t\t\t\t},\n\t\t\t\t\t\t\t{\n\t\t\t\t\t\t\t  breakpoint: 1025,\n\t\t\t\t\t\t\t  settings: {\n\t\t\t\t\t\t\t\tslidesToShow: 2,\n\t\t\t\t\t\t\t\tslidesToScroll: 2\n\t\t\t\t\t\t\t  }\n\t\t\t\t\t\t\t},\n\t\t\t\t\t\t\t{\n\t\t\t\t\t\t\t  breakpoint: 760,\n\t\t\t\t\t\t\t  settings: {\n\t\t\t\t\t\t\t\tslidesToShow: 1,\n\t\t\t\t\t\t\t\tslidesToScroll: 1\n\t\t\t\t\t\t\t  }\n\t\t\t\t\t\t\t}\n\t\t\t\t\t\t],pauseOnDotsHover: true,customPaging: function(slider, i) {\n                   return '<i type=\"button\" style= \"color:#333333;\" class=\"ultsl-record\" data-role=\"none\"><\/i>';\n                },});\n\t\t\t\t\t}\n\t\t\t\t});\n\t\t\t<\/script>\n\t\t\t[\/vc_column][\/vc_row]<\/p>\n","protected":false},"excerpt":{"rendered":"<p>[vc_row][vc_column][vc_column_text]La large gamme de pompes et d&rsquo;\u00e9lectropompes Caprari distribu\u00e9es nous permet de satisfaire tous les types d&rsquo;exigences dans divers domaines d&rsquo;application. Duesse Service fournit des machines et des solutions pour les op\u00e9rateurs, les entreprises priv\u00e9es, les organisations et les industries du monde entier.[\/vc_column_text][vc_empty_space height=\u00a0\u00bb30px\u00a0\u00bb][\/vc_column][\/vc_row][vc_row][vc_column][\/vc_column][\/vc_row]<\/p>\n","protected":false},"author":1,"featured_media":0,"parent":0,"menu_order":0,"comment_status":"closed","ping_status":"closed","template":"","meta":{"footnotes":""},"class_list":["post-1893","page","type-page","status-publish","hentry","description-off"],"yoast_head":"<!-- This site is optimized with the Yoast SEO plugin v24.5 - https:\/\/yoast.com\/wordpress\/plugins\/seo\/ -->\n<title>Applications - Duesse Service Srl<\/title>\n<meta name=\"robots\" content=\"index, follow, max-snippet:-1, max-image-preview:large, max-video-preview:-1\" \/>\n<link rel=\"canonical\" href=\"https:\/\/www.duesseservice.com\/fr\/applications\/\" \/>\n<meta property=\"og:locale\" content=\"fr_FR\" \/>\n<meta property=\"og:type\" content=\"article\" \/>\n<meta property=\"og:title\" content=\"Applications - Duesse Service Srl\" \/>\n<meta property=\"og:description\" content=\"[vc_row][vc_column][vc_column_text]La large gamme de pompes et d&rsquo;\u00e9lectropompes Caprari distribu\u00e9es nous permet de satisfaire tous les types d&rsquo;exigences dans divers domaines d&rsquo;application. Duesse Service fournit des machines et des solutions pour les op\u00e9rateurs, les entreprises priv\u00e9es, les organisations et les industries du monde entier.[\/vc_column_text][vc_empty_space height=\u00a0\u00bb30px\u00a0\u00bb][\/vc_column][\/vc_row][vc_row][vc_column][\/vc_column][\/vc_row]\" \/>\n<meta property=\"og:url\" content=\"https:\/\/www.duesseservice.com\/fr\/applications\/\" \/>\n<meta property=\"og:site_name\" content=\"Duesse Service Srl\" \/>\n<meta property=\"article:modified_time\" content=\"2022-09-28T16:05:59+00:00\" \/>\n<meta name=\"twitter:card\" content=\"summary_large_image\" \/>\n<meta name=\"twitter:label1\" content=\"Dur\u00e9e de lecture estim\u00e9e\" \/>\n\t<meta name=\"twitter:data1\" content=\"2 minutes\" \/>\n<script type=\"application\/ld+json\" class=\"yoast-schema-graph\">{\"@context\":\"https:\/\/schema.org\",\"@graph\":[{\"@type\":\"WebPage\",\"@id\":\"https:\/\/www.duesseservice.com\/fr\/applications\/\",\"url\":\"https:\/\/www.duesseservice.com\/fr\/applications\/\",\"name\":\"Applications - Duesse Service Srl\",\"isPartOf\":{\"@id\":\"https:\/\/www.duesseservice.com\/fr\/#website\"},\"datePublished\":\"2022-07-26T09:32:48+00:00\",\"dateModified\":\"2022-09-28T16:05:59+00:00\",\"breadcrumb\":{\"@id\":\"https:\/\/www.duesseservice.com\/fr\/applications\/#breadcrumb\"},\"inLanguage\":\"fr-FR\",\"potentialAction\":[{\"@type\":\"ReadAction\",\"target\":[\"https:\/\/www.duesseservice.com\/fr\/applications\/\"]}]},{\"@type\":\"BreadcrumbList\",\"@id\":\"https:\/\/www.duesseservice.com\/fr\/applications\/#breadcrumb\",\"itemListElement\":[{\"@type\":\"ListItem\",\"position\":1,\"name\":\"Home\",\"item\":\"https:\/\/www.duesseservice.com\/fr\/\"},{\"@type\":\"ListItem\",\"position\":2,\"name\":\"Applications\"}]},{\"@type\":\"WebSite\",\"@id\":\"https:\/\/www.duesseservice.com\/fr\/#website\",\"url\":\"https:\/\/www.duesseservice.com\/fr\/\",\"name\":\"Duesse Service Srl\",\"description\":\"Solutions pour aqueducs, irrigation et industrie\",\"potentialAction\":[{\"@type\":\"SearchAction\",\"target\":{\"@type\":\"EntryPoint\",\"urlTemplate\":\"https:\/\/www.duesseservice.com\/fr\/?s={search_term_string}\"},\"query-input\":{\"@type\":\"PropertyValueSpecification\",\"valueRequired\":true,\"valueName\":\"search_term_string\"}}],\"inLanguage\":\"fr-FR\"}]}<\/script>\n<!-- \/ Yoast SEO plugin. -->","yoast_head_json":{"title":"Applications - Duesse Service Srl","robots":{"index":"index","follow":"follow","max-snippet":"max-snippet:-1","max-image-preview":"max-image-preview:large","max-video-preview":"max-video-preview:-1"},"canonical":"https:\/\/www.duesseservice.com\/fr\/applications\/","og_locale":"fr_FR","og_type":"article","og_title":"Applications - Duesse Service Srl","og_description":"[vc_row][vc_column][vc_column_text]La large gamme de pompes et d&rsquo;\u00e9lectropompes Caprari distribu\u00e9es nous permet de satisfaire tous les types d&rsquo;exigences dans divers domaines d&rsquo;application. Duesse Service fournit des machines et des solutions pour les op\u00e9rateurs, les entreprises priv\u00e9es, les organisations et les industries du monde entier.[\/vc_column_text][vc_empty_space height=\u00a0\u00bb30px\u00a0\u00bb][\/vc_column][\/vc_row][vc_row][vc_column][\/vc_column][\/vc_row]","og_url":"https:\/\/www.duesseservice.com\/fr\/applications\/","og_site_name":"Duesse Service Srl","article_modified_time":"2022-09-28T16:05:59+00:00","twitter_card":"summary_large_image","twitter_misc":{"Dur\u00e9e de lecture estim\u00e9e":"2 minutes"},"schema":{"@context":"https:\/\/schema.org","@graph":[{"@type":"WebPage","@id":"https:\/\/www.duesseservice.com\/fr\/applications\/","url":"https:\/\/www.duesseservice.com\/fr\/applications\/","name":"Applications - Duesse Service Srl","isPartOf":{"@id":"https:\/\/www.duesseservice.com\/fr\/#website"},"datePublished":"2022-07-26T09:32:48+00:00","dateModified":"2022-09-28T16:05:59+00:00","breadcrumb":{"@id":"https:\/\/www.duesseservice.com\/fr\/applications\/#breadcrumb"},"inLanguage":"fr-FR","potentialAction":[{"@type":"ReadAction","target":["https:\/\/www.duesseservice.com\/fr\/applications\/"]}]},{"@type":"BreadcrumbList","@id":"https:\/\/www.duesseservice.com\/fr\/applications\/#breadcrumb","itemListElement":[{"@type":"ListItem","position":1,"name":"Home","item":"https:\/\/www.duesseservice.com\/fr\/"},{"@type":"ListItem","position":2,"name":"Applications"}]},{"@type":"WebSite","@id":"https:\/\/www.duesseservice.com\/fr\/#website","url":"https:\/\/www.duesseservice.com\/fr\/","name":"Duesse Service Srl","description":"Solutions pour aqueducs, irrigation et industrie","potentialAction":[{"@type":"SearchAction","target":{"@type":"EntryPoint","urlTemplate":"https:\/\/www.duesseservice.com\/fr\/?s={search_term_string}"},"query-input":{"@type":"PropertyValueSpecification","valueRequired":true,"valueName":"search_term_string"}}],"inLanguage":"fr-FR"}]}},"_links":{"self":[{"href":"https:\/\/www.duesseservice.com\/fr\/wp-json\/wp\/v2\/pages\/1893","targetHints":{"allow":["GET"]}}],"collection":[{"href":"https:\/\/www.duesseservice.com\/fr\/wp-json\/wp\/v2\/pages"}],"about":[{"href":"https:\/\/www.duesseservice.com\/fr\/wp-json\/wp\/v2\/types\/page"}],"author":[{"embeddable":true,"href":"https:\/\/www.duesseservice.com\/fr\/wp-json\/wp\/v2\/users\/1"}],"replies":[{"embeddable":true,"href":"https:\/\/www.duesseservice.com\/fr\/wp-json\/wp\/v2\/comments?post=1893"}],"version-history":[{"count":0,"href":"https:\/\/www.duesseservice.com\/fr\/wp-json\/wp\/v2\/pages\/1893\/revisions"}],"wp:attachment":[{"href":"https:\/\/www.duesseservice.com\/fr\/wp-json\/wp\/v2\/media?parent=1893"}],"curies":[{"name":"wp","href":"https:\/\/api.w.org\/{rel}","templated":true}]}}